{"id":4467,"date":"2025-10-20T15:50:04","date_gmt":"2025-10-20T15:50:04","guid":{"rendered":"https:\/\/apogeeculinaire.com\/culinary-blog\/"},"modified":"2025-10-20T15:50:11","modified_gmt":"2025-10-20T15:50:11","slug":"culinary-blog","status":"publish","type":"page","link":"https:\/\/apogeeculinaire.com\/en\/culinary-blog\/","title":{"rendered":"Culinary Blog"},"content":{"rendered":"<p><div class=\"fusion-fullwidth fullwidth-box fusion-builder-row-1 fusion-flex-container has-pattern-background has-mask-background fusion-parallax-none nonhundred-percent-fullwidth non-hundred-percent-height-scrolling lazyload\" style=\"--awb-background-blend-mode:overlay;--awb-border-radius-top-left:0px;--awb-border-radius-top-right:0px;--awb-border-radius-bottom-right:0px;--awb-border-radius-bottom-left:0px;--awb-background-color:rgba(0,0,0,0.69);--awb-background-size:cover;--awb-flex-wrap:wrap;\" data-bg=\"https:\/\/apogeeculinaire.com\/wp-content\/uploads\/2025\/04\/D01A3761-scaled.jpg\" ><div class=\"fusion-builder-row fusion-row fusion-flex-align-items-flex-start fusion-flex-content-wrap\" style=\"max-width:1430px;margin-left: calc(-4% \/ 2 );margin-right: calc(-4% \/ 2 );\"><div class=\"fusion-layout-column fusion_builder_column fusion-builder-column-0 fusion_builder_column_1_1 1_1 fusion-flex-column\" style=\"--awb-bg-size:cover;--awb-width-large:100%;--awb-margin-top-large:0px;--awb-spacing-right-large:1.92%;--awb-margin-bottom-large:8%;--awb-spacing-left-large:1.92%;--awb-width-medium:100%;--awb-order-medium:0;--awb-spacing-right-medium:1.92%;--awb-spacing-left-medium:1.92%;--awb-width-small:100%;--awb-order-small:0;--awb-spacing-right-small:1.92%;--awb-spacing-left-small:1.92%;\"><div class=\"fusion-column-wrapper fusion-column-has-shadow fusion-flex-justify-content-flex-start fusion-content-layout-column\"><div class=\"fusion-title title fusion-title-1 fusion-sep-none fusion-title-text fusion-title-size-one\" style=\"--awb-text-color:var(--awb-color1);\"><h1 class=\"fusion-title-heading title-heading-left fusion-responsive-typography-calculated\" style=\"margin:0;--fontSize:70;line-height:var(--awb-typography1-line-height);\">Culinary Blog<\/h1><\/div><\/div><\/div><\/div><\/div><div class=\"fusion-fullwidth fullwidth-box fusion-builder-row-2 fusion-flex-container nonhundred-percent-fullwidth non-hundred-percent-height-scrolling\" style=\"--awb-border-radius-top-left:0px;--awb-border-radius-top-right:0px;--awb-border-radius-bottom-right:0px;--awb-border-radius-bottom-left:0px;--awb-padding-top:6%;--awb-padding-bottom:0px;--awb-flex-wrap:wrap;\" ><div class=\"fusion-builder-row fusion-row fusion-flex-align-items-flex-start fusion-flex-content-wrap\" style=\"max-width:calc( 1375px + 0px );margin-left: calc(-0px \/ 2 );margin-right: calc(-0px \/ 2 );\"><div class=\"fusion-layout-column fusion_builder_column fusion-builder-column-1 fusion_builder_column_1_1 1_1 fusion-flex-column fusion-flex-align-self-flex-start fusion-column-no-min-height fusion-animated\" style=\"--awb-bg-size:cover;--awb-width-large:100%;--awb-margin-top-large:0px;--awb-spacing-right-large:0px;--awb-margin-bottom-large:5%;--awb-spacing-left-large:0px;--awb-width-medium:100%;--awb-spacing-right-medium:0px;--awb-spacing-left-medium:0px;--awb-width-small:100%;--awb-spacing-right-small:0px;--awb-spacing-left-small:0px;\" data-animationType=\"fadeIn\" data-animationDuration=\"1.0\" data-animationOffset=\"top-into-view\"><div class=\"fusion-column-wrapper fusion-column-has-shadow fusion-flex-justify-content-flex-start fusion-content-layout-column\"><div class=\"fusion-post-cards fusion-post-cards-1 fusion-grid-archive fusion-grid-columns-3\" style=\"--awb-dots-align:center;--awb-columns:3;--awb-active-filter-border-size:3px;--awb-filters-height:36px;\"><ul class=\"fusion-grid fusion-grid-3 fusion-flex-align-items-flex-start fusion-grid-posts-cards\"><li class=\"fusion-layout-column fusion_builder_column fusion-builder-column-2 fusion-flex-column post-card fusion-grid-column fusion-post-cards-grid-column\" style=\"--awb-bg-size:cover;--awb-flex-grow:0;--awb-flex-shrink:0;--awb-flex-grow-medium:0;--awb-flex-shrink-medium:0;--awb-flex-grow-small:0;--awb-flex-shrink-small:0;\"><div class=\"fusion-column-wrapper fusion-flex-justify-content-flex-start fusion-content-layout-column\"><div class=\"fusion-image-element \" style=\"--awb-aspect-ratio: 100 \/ 110;--awb-margin-bottom:10px;--awb-caption-title-font-family:var(--h2_typography-font-family);--awb-caption-title-font-weight:var(--h2_typography-font-weight);--awb-caption-title-font-style:var(--h2_typography-font-style);--awb-caption-title-size:var(--h2_typography-font-size);--awb-caption-title-transform:var(--h2_typography-text-transform);--awb-caption-title-line-height:var(--h2_typography-line-height);--awb-caption-title-letter-spacing:var(--h2_typography-letter-spacing);\"><span class=\" fusion-imageframe imageframe-none imageframe-1 hover-type-none has-aspect-ratio\"><img decoding=\"async\" width=\"2560\" height=\"1707\" title=\"D01A0436\" src=\"https:\/\/apogeeculinaire.com\/wp-content\/uploads\/2025\/04\/D01A0436-scaled.jpg\" data-orig-src=\"https:\/\/apogeeculinaire.com\/wp-content\/uploads\/2025\/04\/D01A0436-scaled.jpg\" class=\"lazyload img-responsive wp-image-4434 img-with-aspect-ratio\" data-parent-fit=\"cover\" data-parent-container=\".fusion-image-element\" alt srcset=\"data:image\/svg+xml,%3Csvg%20xmlns%3D%27http%3A%2F%2Fwww.w3.org%2F2000%2Fsvg%27%20width%3D%272560%27%20height%3D%271707%27%20viewBox%3D%270%200%202560%201707%27%3E%3Crect%20width%3D%272560%27%20height%3D%271707%27%20fill-opacity%3D%220%22%2F%3E%3C%2Fsvg%3E\" data-srcset=\"https:\/\/apogeeculinaire.com\/wp-content\/uploads\/2025\/04\/D01A0436-200x133.jpg 200w, https:\/\/apogeeculinaire.com\/wp-content\/uploads\/2025\/04\/D01A0436-400x267.jpg 400w, https:\/\/apogeeculinaire.com\/wp-content\/uploads\/2025\/04\/D01A0436-600x400.jpg 600w, https:\/\/apogeeculinaire.com\/wp-content\/uploads\/2025\/04\/D01A0436-800x533.jpg 800w, https:\/\/apogeeculinaire.com\/wp-content\/uploads\/2025\/04\/D01A0436-1200x800.jpg 1200w, https:\/\/apogeeculinaire.com\/wp-content\/uploads\/2025\/04\/D01A0436-scaled.jpg 2560w\" data-sizes=\"auto\" data-orig-sizes=\"(max-width: 1024px) 100vw, (max-width: 640px) 100vw, 2560px\" \/><\/span><\/div><div class=\"fusion-title title fusion-title-2 fusion-sep-none fusion-title-center fusion-title-text fusion-title-size-three\" style=\"--awb-text-color:var(--awb-color8);--awb-margin-top:25px;--awb-margin-bottom:5px;--awb-margin-top-small:16px;--awb-margin-bottom-small:10px;\"><h3 class=\"fusion-title-heading title-heading-center fusion-responsive-typography-calculated\" style=\"margin:0;--fontSize:30;line-height:var(--awb-typography1-line-height);\"><a href=\"https:\/\/apogeeculinaire.com\/en\/5-original-ideas-for-your-corporate-event-in-montreal\/\" class=\"awb-custom-text-color awb-custom-text-hover-color\" target=\"_self\">5 original ideas for your corporate event in Montreal<\/a><\/h3><\/div><\/div><\/li>\n<li class=\"fusion-layout-column fusion_builder_column fusion-builder-column-3 fusion-flex-column post-card fusion-grid-column fusion-post-cards-grid-column\" style=\"--awb-bg-size:cover;--awb-flex-grow:0;--awb-flex-shrink:0;--awb-flex-grow-medium:0;--awb-flex-shrink-medium:0;--awb-flex-grow-small:0;--awb-flex-shrink-small:0;\"><div class=\"fusion-column-wrapper fusion-flex-justify-content-flex-start fusion-content-layout-column\"><div class=\"fusion-image-element \" style=\"--awb-aspect-ratio: 100 \/ 110;--awb-margin-bottom:10px;--awb-caption-title-font-family:var(--h2_typography-font-family);--awb-caption-title-font-weight:var(--h2_typography-font-weight);--awb-caption-title-font-style:var(--h2_typography-font-style);--awb-caption-title-size:var(--h2_typography-font-size);--awb-caption-title-transform:var(--h2_typography-text-transform);--awb-caption-title-line-height:var(--h2_typography-line-height);--awb-caption-title-letter-spacing:var(--h2_typography-letter-spacing);\"><span class=\" fusion-imageframe imageframe-none imageframe-2 hover-type-none has-aspect-ratio\"><img decoding=\"async\" width=\"2560\" height=\"1436\" title=\"D01A3864\" src=\"https:\/\/apogeeculinaire.com\/wp-content\/uploads\/2025\/04\/D01A3864-scaled.jpg\" data-orig-src=\"https:\/\/apogeeculinaire.com\/wp-content\/uploads\/2025\/04\/D01A3864-scaled.jpg\" class=\"lazyload img-responsive wp-image-4428 img-with-aspect-ratio\" data-parent-fit=\"cover\" data-parent-container=\".fusion-image-element\" alt srcset=\"data:image\/svg+xml,%3Csvg%20xmlns%3D%27http%3A%2F%2Fwww.w3.org%2F2000%2Fsvg%27%20width%3D%272560%27%20height%3D%271436%27%20viewBox%3D%270%200%202560%201436%27%3E%3Crect%20width%3D%272560%27%20height%3D%271436%27%20fill-opacity%3D%220%22%2F%3E%3C%2Fsvg%3E\" data-srcset=\"https:\/\/apogeeculinaire.com\/wp-content\/uploads\/2025\/04\/D01A3864-200x112.jpg 200w, https:\/\/apogeeculinaire.com\/wp-content\/uploads\/2025\/04\/D01A3864-400x224.jpg 400w, https:\/\/apogeeculinaire.com\/wp-content\/uploads\/2025\/04\/D01A3864-600x337.jpg 600w, https:\/\/apogeeculinaire.com\/wp-content\/uploads\/2025\/04\/D01A3864-800x449.jpg 800w, https:\/\/apogeeculinaire.com\/wp-content\/uploads\/2025\/04\/D01A3864-1200x673.jpg 1200w, https:\/\/apogeeculinaire.com\/wp-content\/uploads\/2025\/04\/D01A3864-scaled.jpg 2560w\" data-sizes=\"auto\" data-orig-sizes=\"(max-width: 1024px) 100vw, (max-width: 640px) 100vw, 2560px\" \/><\/span><\/div><div class=\"fusion-title title fusion-title-3 fusion-sep-none fusion-title-center fusion-title-text fusion-title-size-three\" style=\"--awb-text-color:var(--awb-color8);--awb-margin-top:25px;--awb-margin-bottom:5px;--awb-margin-top-small:16px;--awb-margin-bottom-small:10px;\"><h3 class=\"fusion-title-heading title-heading-center fusion-responsive-typography-calculated\" style=\"margin:0;--fontSize:30;line-height:var(--awb-typography1-line-height);\"><a href=\"https:\/\/apogeeculinaire.com\/en\/home-chef-in-montreal-the-complete-guide\/\" class=\"awb-custom-text-color awb-custom-text-hover-color\" target=\"_self\">Home chef in Montreal: The complete guide<\/a><\/h3><\/div><\/div><\/li>\n<li class=\"fusion-layout-column fusion_builder_column fusion-builder-column-4 fusion-flex-column post-card fusion-grid-column fusion-post-cards-grid-column\" style=\"--awb-bg-size:cover;--awb-flex-grow:0;--awb-flex-shrink:0;--awb-flex-grow-medium:0;--awb-flex-shrink-medium:0;--awb-flex-grow-small:0;--awb-flex-shrink-small:0;\"><div class=\"fusion-column-wrapper fusion-flex-justify-content-flex-start fusion-content-layout-column\"><div class=\"fusion-image-element \" style=\"--awb-aspect-ratio: 100 \/ 110;--awb-margin-bottom:10px;--awb-caption-title-font-family:var(--h2_typography-font-family);--awb-caption-title-font-weight:var(--h2_typography-font-weight);--awb-caption-title-font-style:var(--h2_typography-font-style);--awb-caption-title-size:var(--h2_typography-font-size);--awb-caption-title-transform:var(--h2_typography-text-transform);--awb-caption-title-line-height:var(--h2_typography-line-height);--awb-caption-title-letter-spacing:var(--h2_typography-letter-spacing);\"><span class=\" fusion-imageframe imageframe-none imageframe-3 hover-type-none has-aspect-ratio\"><img decoding=\"async\" width=\"2560\" height=\"1706\" title=\"IMG_7537\" src=\"https:\/\/apogeeculinaire.com\/wp-content\/uploads\/2025\/04\/IMG_7537-scaled.jpg\" data-orig-src=\"https:\/\/apogeeculinaire.com\/wp-content\/uploads\/2025\/04\/IMG_7537-scaled.jpg\" class=\"lazyload img-responsive wp-image-4441 img-with-aspect-ratio\" data-parent-fit=\"cover\" data-parent-container=\".fusion-image-element\" alt srcset=\"data:image\/svg+xml,%3Csvg%20xmlns%3D%27http%3A%2F%2Fwww.w3.org%2F2000%2Fsvg%27%20width%3D%272560%27%20height%3D%271706%27%20viewBox%3D%270%200%202560%201706%27%3E%3Crect%20width%3D%272560%27%20height%3D%271706%27%20fill-opacity%3D%220%22%2F%3E%3C%2Fsvg%3E\" data-srcset=\"https:\/\/apogeeculinaire.com\/wp-content\/uploads\/2025\/04\/IMG_7537-200x133.jpg 200w, https:\/\/apogeeculinaire.com\/wp-content\/uploads\/2025\/04\/IMG_7537-400x267.jpg 400w, https:\/\/apogeeculinaire.com\/wp-content\/uploads\/2025\/04\/IMG_7537-600x400.jpg 600w, https:\/\/apogeeculinaire.com\/wp-content\/uploads\/2025\/04\/IMG_7537-800x533.jpg 800w, https:\/\/apogeeculinaire.com\/wp-content\/uploads\/2025\/04\/IMG_7537-1200x800.jpg 1200w, https:\/\/apogeeculinaire.com\/wp-content\/uploads\/2025\/04\/IMG_7537-scaled.jpg 2560w\" data-sizes=\"auto\" data-orig-sizes=\"(max-width: 1024px) 100vw, (max-width: 640px) 100vw, 2560px\" \/><\/span><\/div><div class=\"fusion-title title fusion-title-4 fusion-sep-none fusion-title-center fusion-title-text fusion-title-size-three\" style=\"--awb-text-color:var(--awb-color8);--awb-margin-top:25px;--awb-margin-bottom:5px;--awb-margin-top-small:16px;--awb-margin-bottom-small:10px;\"><h3 class=\"fusion-title-heading title-heading-center fusion-responsive-typography-calculated\" style=\"margin:0;--fontSize:30;line-height:var(--awb-typography1-line-height);\"><a href=\"https:\/\/apogeeculinaire.com\/en\/culinary-journey-the-rise-of-haitian-and-african-fusion-gastronomy-in-montreal\/\" class=\"awb-custom-text-color awb-custom-text-hover-color\" target=\"_self\">Culinary journey: The rise of Haitian and African fusion gastronomy in Montreal<\/a><\/h3><\/div><\/div><\/li>\n<\/ul><\/div><\/div><\/div><\/div><\/div><\/p>\n","protected":false},"excerpt":{"rendered":"","protected":false},"author":1,"featured_media":0,"parent":0,"menu_order":0,"comment_status":"closed","ping_status":"closed","template":"100-width.php","meta":{"_acf_changed":false,"footnotes":""},"class_list":["post-4467","page","type-page","status-publish","hentry"],"acf":[],"yoast_head":"<!-- This site is optimized with the Yoast SEO plugin v26.1.1 - https:\/\/yoast.com\/wordpress\/plugins\/seo\/ -->\n<title>Culinary Blog - Apog\u00e9e Culinaire<\/title>\n<meta name=\"robots\" content=\"index, follow, max-snippet:-1, max-image-preview:large, max-video-preview:-1\" \/>\n<link rel=\"canonical\" href=\"https:\/\/apogeeculinaire.com\/en\/culinary-blog\/\" \/>\n<meta property=\"og:locale\" content=\"en_US\" \/>\n<meta property=\"og:type\" content=\"article\" \/>\n<meta property=\"og:title\" content=\"Culinary Blog - Apog\u00e9e Culinaire\" \/>\n<meta property=\"og:url\" content=\"https:\/\/apogeeculinaire.com\/en\/culinary-blog\/\" \/>\n<meta property=\"og:site_name\" content=\"Apog\u00e9e Culinaire\" \/>\n<meta property=\"article:modified_time\" content=\"2025-10-20T15:50:11+00:00\" \/>\n<meta name=\"twitter:card\" content=\"summary_large_image\" \/>\n<meta name=\"twitter:label1\" content=\"Est. reading time\" \/>\n\t<meta name=\"twitter:data1\" content=\"6 minutes\" \/>\n<script type=\"application\/ld+json\" class=\"yoast-schema-graph\">{\"@context\":\"https:\/\/schema.org\",\"@graph\":[{\"@type\":\"WebPage\",\"@id\":\"https:\/\/apogeeculinaire.com\/en\/culinary-blog\/\",\"url\":\"https:\/\/apogeeculinaire.com\/en\/culinary-blog\/\",\"name\":\"Culinary Blog - Apog\u00e9e Culinaire\",\"isPartOf\":{\"@id\":\"https:\/\/apogeeculinaire.com\/en\/#website\"},\"datePublished\":\"2025-10-20T15:50:04+00:00\",\"dateModified\":\"2025-10-20T15:50:11+00:00\",\"breadcrumb\":{\"@id\":\"https:\/\/apogeeculinaire.com\/en\/culinary-blog\/#breadcrumb\"},\"inLanguage\":\"en-US\",\"potentialAction\":[{\"@type\":\"ReadAction\",\"target\":[\"https:\/\/apogeeculinaire.com\/en\/culinary-blog\/\"]}]},{\"@type\":\"BreadcrumbList\",\"@id\":\"https:\/\/apogeeculinaire.com\/en\/culinary-blog\/#breadcrumb\",\"itemListElement\":[{\"@type\":\"ListItem\",\"position\":1,\"name\":\"Accueil\",\"item\":\"https:\/\/apogeeculinaire.com\/en\/private-chef-montreal\/\"},{\"@type\":\"ListItem\",\"position\":2,\"name\":\"Culinary Blog\"}]},{\"@type\":\"WebSite\",\"@id\":\"https:\/\/apogeeculinaire.com\/en\/#website\",\"url\":\"https:\/\/apogeeculinaire.com\/en\/\",\"name\":\"Apog\u00e9e Culinaire\",\"description\":\"Chef Priv\u00e9 Jo\u00ebl Luzincourt\",\"publisher\":{\"@id\":\"https:\/\/apogeeculinaire.com\/en\/#organization\"},\"potentialAction\":[{\"@type\":\"SearchAction\",\"target\":{\"@type\":\"EntryPoint\",\"urlTemplate\":\"https:\/\/apogeeculinaire.com\/en\/?s={search_term_string}\"},\"query-input\":{\"@type\":\"PropertyValueSpecification\",\"valueRequired\":true,\"valueName\":\"search_term_string\"}}],\"inLanguage\":\"en-US\"},{\"@type\":\"Organization\",\"@id\":\"https:\/\/apogeeculinaire.com\/en\/#organization\",\"name\":\"Apog\u00e9e Culinaire\",\"url\":\"https:\/\/apogeeculinaire.com\/en\/\",\"logo\":{\"@type\":\"ImageObject\",\"inLanguage\":\"en-US\",\"@id\":\"https:\/\/apogeeculinaire.com\/en\/#\/schema\/logo\/image\/\",\"url\":\"https:\/\/apogeeculinaire.com\/wp-content\/uploads\/2025\/04\/AC-Portrait-Logo-Final-Black.png\",\"contentUrl\":\"https:\/\/apogeeculinaire.com\/wp-content\/uploads\/2025\/04\/AC-Portrait-Logo-Final-Black.png\",\"width\":3508,\"height\":2480,\"caption\":\"Apog\u00e9e Culinaire\"},\"image\":{\"@id\":\"https:\/\/apogeeculinaire.com\/en\/#\/schema\/logo\/image\/\"},\"sameAs\":[\"https:\/\/www.instagram.com\/apogeeculinaire\/\"]}]}<\/script>\n<!-- \/ Yoast SEO plugin. -->","yoast_head_json":{"title":"Culinary Blog - Apog\u00e9e Culinaire","robots":{"index":"index","follow":"follow","max-snippet":"max-snippet:-1","max-image-preview":"max-image-preview:large","max-video-preview":"max-video-preview:-1"},"canonical":"https:\/\/apogeeculinaire.com\/en\/culinary-blog\/","og_locale":"en_US","og_type":"article","og_title":"Culinary Blog - Apog\u00e9e Culinaire","og_url":"https:\/\/apogeeculinaire.com\/en\/culinary-blog\/","og_site_name":"Apog\u00e9e Culinaire","article_modified_time":"2025-10-20T15:50:11+00:00","twitter_card":"summary_large_image","twitter_misc":{"Est. reading time":"6 minutes"},"schema":{"@context":"https:\/\/schema.org","@graph":[{"@type":"WebPage","@id":"https:\/\/apogeeculinaire.com\/en\/culinary-blog\/","url":"https:\/\/apogeeculinaire.com\/en\/culinary-blog\/","name":"Culinary Blog - Apog\u00e9e Culinaire","isPartOf":{"@id":"https:\/\/apogeeculinaire.com\/en\/#website"},"datePublished":"2025-10-20T15:50:04+00:00","dateModified":"2025-10-20T15:50:11+00:00","breadcrumb":{"@id":"https:\/\/apogeeculinaire.com\/en\/culinary-blog\/#breadcrumb"},"inLanguage":"en-US","potentialAction":[{"@type":"ReadAction","target":["https:\/\/apogeeculinaire.com\/en\/culinary-blog\/"]}]},{"@type":"BreadcrumbList","@id":"https:\/\/apogeeculinaire.com\/en\/culinary-blog\/#breadcrumb","itemListElement":[{"@type":"ListItem","position":1,"name":"Accueil","item":"https:\/\/apogeeculinaire.com\/en\/private-chef-montreal\/"},{"@type":"ListItem","position":2,"name":"Culinary Blog"}]},{"@type":"WebSite","@id":"https:\/\/apogeeculinaire.com\/en\/#website","url":"https:\/\/apogeeculinaire.com\/en\/","name":"Apog\u00e9e Culinaire","description":"Chef Priv\u00e9 Jo\u00ebl Luzincourt","publisher":{"@id":"https:\/\/apogeeculinaire.com\/en\/#organization"},"potentialAction":[{"@type":"SearchAction","target":{"@type":"EntryPoint","urlTemplate":"https:\/\/apogeeculinaire.com\/en\/?s={search_term_string}"},"query-input":{"@type":"PropertyValueSpecification","valueRequired":true,"valueName":"search_term_string"}}],"inLanguage":"en-US"},{"@type":"Organization","@id":"https:\/\/apogeeculinaire.com\/en\/#organization","name":"Apog\u00e9e Culinaire","url":"https:\/\/apogeeculinaire.com\/en\/","logo":{"@type":"ImageObject","inLanguage":"en-US","@id":"https:\/\/apogeeculinaire.com\/en\/#\/schema\/logo\/image\/","url":"https:\/\/apogeeculinaire.com\/wp-content\/uploads\/2025\/04\/AC-Portrait-Logo-Final-Black.png","contentUrl":"https:\/\/apogeeculinaire.com\/wp-content\/uploads\/2025\/04\/AC-Portrait-Logo-Final-Black.png","width":3508,"height":2480,"caption":"Apog\u00e9e Culinaire"},"image":{"@id":"https:\/\/apogeeculinaire.com\/en\/#\/schema\/logo\/image\/"},"sameAs":["https:\/\/www.instagram.com\/apogeeculinaire\/"]}]}},"_links":{"self":[{"href":"https:\/\/apogeeculinaire.com\/en\/wp-json\/wp\/v2\/pages\/4467","targetHints":{"allow":["GET"]}}],"collection":[{"href":"https:\/\/apogeeculinaire.com\/en\/wp-json\/wp\/v2\/pages"}],"about":[{"href":"https:\/\/apogeeculinaire.com\/en\/wp-json\/wp\/v2\/types\/page"}],"author":[{"embeddable":true,"href":"https:\/\/apogeeculinaire.com\/en\/wp-json\/wp\/v2\/users\/1"}],"replies":[{"embeddable":true,"href":"https:\/\/apogeeculinaire.com\/en\/wp-json\/wp\/v2\/comments?post=4467"}],"version-history":[{"count":1,"href":"https:\/\/apogeeculinaire.com\/en\/wp-json\/wp\/v2\/pages\/4467\/revisions"}],"predecessor-version":[{"id":4468,"href":"https:\/\/apogeeculinaire.com\/en\/wp-json\/wp\/v2\/pages\/4467\/revisions\/4468"}],"wp:attachment":[{"href":"https:\/\/apogeeculinaire.com\/en\/wp-json\/wp\/v2\/media?parent=4467"}],"curies":[{"name":"wp","href":"https:\/\/api.w.org\/{rel}","templated":true}]}}